{"id":1734,"date":"2017-08-09T13:20:54","date_gmt":"2017-08-09T13:20:54","guid":{"rendered":"http:\/\/ccinnovation.pl\/?page_id=1734"},"modified":"2019-07-10T11:29:09","modified_gmt":"2019-07-10T11:29:09","slug":"piotr-pawlowski","status":"publish","type":"page","link":"https:\/\/ccinnovation.pl\/?page_id=1734","title":{"rendered":"Piotr Paw\u0142owski"},"content":{"rendered":"<h5><a href=\"http:\/\/econlp.home.pl\/autoinstalator\/wordpress4\/wp-content\/uploads\/2017\/05\/poziome-zdjecia-zespolu-piotr.jpg\"><img loading=\"lazy\" decoding=\"async\" class=\"aligncenter size-full wp-image-1344\" src=\"http:\/\/econlp.home.pl\/autoinstalator\/wordpress4\/wp-content\/uploads\/2017\/05\/poziome-zdjecia-zespolu-piotr.jpg\" alt=\"\" width=\"900\" height=\"400\" srcset=\"https:\/\/ccinnovation.pl\/wp-content\/uploads\/2017\/05\/poziome-zdjecia-zespolu-piotr.jpg 900w, https:\/\/ccinnovation.pl\/wp-content\/uploads\/2017\/05\/poziome-zdjecia-zespolu-piotr-300x133.jpg 300w, https:\/\/ccinnovation.pl\/wp-content\/uploads\/2017\/05\/poziome-zdjecia-zespolu-piotr-768x341.jpg 768w, https:\/\/ccinnovation.pl\/wp-content\/uploads\/2017\/05\/poziome-zdjecia-zespolu-piotr-480x213.jpg 480w, https:\/\/ccinnovation.pl\/wp-content\/uploads\/2017\/05\/poziome-zdjecia-zespolu-piotr-410x182.jpg 410w, https:\/\/ccinnovation.pl\/wp-content\/uploads\/2017\/05\/poziome-zdjecia-zespolu-piotr-100x44.jpg 100w, https:\/\/ccinnovation.pl\/wp-content\/uploads\/2017\/05\/poziome-zdjecia-zespolu-piotr-275x122.jpg 275w\" sizes=\"auto, (max-width: 900px) 100vw, 900px\" \/><\/a><\/h5>\n<p>Coach, trener i\u00a0konsultant CC Innovation.\u00a0Absolwent i pracownik Wydzia\u0142u Psychologii Uniwersytetu Warszawskiego.\u00a0 Uko\u0144czy\u0142 dwuletni kurs z\u00a0zakresu wspierania rozwoju psychologicznego ludzi przy O\u015brodku \u201eSynapsis\u201d. Certyfikat Mistrza NLP zdoby\u0142 w\u00a0Polskim Instytucie NLP. Posiada Europejski Certyfikat Psychoterapii (ECP).\u00a0Certyfikowany coach MLC. Akredytowany coach i superwizor Izby Coachingu.<\/p>\n<p>Wsp\u00f3\u0142pracowa\u0142 z\u00a0Warszawsk\u0105 Grup\u0105 Konsultingow\u0105 Sp. z\u00a0o. o. jako konsultant, cz\u0142onek zespo\u0142u prowadz\u0105cego audyty mened\u017cerskie oraz kierownik projektu bada\u0144 satysfakcji pracowniczej. Udziela konsultacji w\u00a0obszarach dotycz\u0105cych selekcji, rekrutacji, budowania zespo\u0142\u00f3w.<\/p>\n<p>Prowadzi coaching w\u00a0organizacjach. Z\u00a0mened\u017cerami r\u00f3\u017cnych szczebli pracowa\u0142 nad rozwojem konkretnych umiej\u0119tno\u015bci mened\u017cerskich, zarz\u0105dzaniem emocjami, autoprezentacj\u0105. Z\u00a0zespo\u0142ami pracowa\u0142 nad rozwi\u0105zywaniem konflikt\u00f3w, optymalizacj\u0105 wsp\u00f3\u0142pracy, tworzeniem wsp\u00f3lnej wizji. W\u00a0coachingu osobistym wspiera\u0142 klient\u00f3w w\u00a0procesie zmian \u017cyciowych, planowaniu \u015bcie\u017cki kariery, radzeniu sobie ze stresem.<\/p>\n<p>Od wielu lat pracuje jako trener. Prowadzi szkolenia po\u015bwi\u0119cone nawi\u0105zywaniu kontaktu, przyw\u00f3dztwu, asertywno\u015bci, autoprezentacji, komunikacji interpersonalnej w\u00a0sytuacjach problemowych, inteligencji emocjonalnej.<\/p>\n<p>W Wydziale Psychologii Uniwersytetu Warszawskiego prowadzi zaj\u0119cia dla student\u00f3w specjalizacji \u201ePsychoterapia\u201d oraz warsztaty na studiach podyplomowych \u201eCoaching w\u00a0organizacji&#8221;, &#8222;Psychologia zarz\u0105dzania personelem\u201d, .\u201ePsychologia dla lider\u00f3w\u201d\u00a0Wsp\u00f3\u0142pracowa\u0142 r\u00f3wnie\u017c ze Szko\u0142\u0105 Wy\u017csz\u0105 Psychologii Spo\u0142ecznej jako wyk\u0142adowca i\u00a0trener, m.in. prowadz\u0105c zaj\u0119cia na studiach podyplomowych \u201eMetodyka i\u00a0psychologia zarz\u0105dzania projektami\u201d, &#8222;Praktyczna psychologia spo\u0142eczna&#8221;, a tak\u017ce zaj\u0119cia z psychometrii na studiach magisterskich. W CC Innovation prowadzi m.in. zaj\u0119cia w\u00a0ramach Szko\u0142y Coachingu i Pracy z Grupami MLC.<\/p>\n<p>W\u00a0pracy z\u00a0lud\u017ami nastawiony na wsparcie w\u00a0poszukiwaniu nowych perspektyw i\u00a0nauk\u0119 umiej\u0119tno\u015bci. Pami\u0119ta o\u00a0sile pozytywnych emocji.<\/p>\n<p>&nbsp;<\/p>\n","protected":false},"excerpt":{"rendered":"<p>Coach, trener i\u00a0konsultant CC Innovation.\u00a0Absolwent i pracownik Wydzia\u0142u Psychologii Uniwersytetu Warszawskiego.\u00a0 Uko\u0144czy\u0142 dwuletni kurs z\u00a0zakresu wspierania rozwoju psychologicznego ludzi przy O\u015brodku \u201eSynapsis\u201d. Certyfikat Mistrza NLP zdoby\u0142 w\u00a0Polskim Instytucie NLP. Posiada Europejski Certyfikat Psychoterapii (ECP).\u00a0Certyfikowany coach MLC. Akredytowany coach i superwizor Izby Coachingu. Wsp\u00f3\u0142pracowa\u0142 z\u00a0Warszawsk\u0105 Grup\u0105 Konsultingow\u0105 Sp. z\u00a0o. o. jako konsultant, cz\u0142onek zespo\u0142u prowadz\u0105cego audyty [&hellip;]<\/p>\n","protected":false},"author":1,"featured_media":0,"parent":561,"menu_order":2,"comment_status":"closed","ping_status":"closed","template":"page-templates\/page_no-header.php","meta":{"footnotes":""},"class_list":["post-1734","page","type-page","status-publish","hentry"],"_links":{"self":[{"href":"https:\/\/ccinnovation.pl\/index.php?rest_route=\/wp\/v2\/pages\/1734","targetHints":{"allow":["GET"]}}],"collection":[{"href":"https:\/\/ccinnovation.pl\/index.php?rest_route=\/wp\/v2\/pages"}],"about":[{"href":"https:\/\/ccinnovation.pl\/index.php?rest_route=\/wp\/v2\/types\/page"}],"author":[{"embeddable":true,"href":"https:\/\/ccinnovation.pl\/index.php?rest_route=\/wp\/v2\/users\/1"}],"replies":[{"embeddable":true,"href":"https:\/\/ccinnovation.pl\/index.php?rest_route=%2Fwp%2Fv2%2Fcomments&post=1734"}],"version-history":[{"count":3,"href":"https:\/\/ccinnovation.pl\/index.php?rest_route=\/wp\/v2\/pages\/1734\/revisions"}],"predecessor-version":[{"id":1922,"href":"https:\/\/ccinnovation.pl\/index.php?rest_route=\/wp\/v2\/pages\/1734\/revisions\/1922"}],"up":[{"embeddable":true,"href":"https:\/\/ccinnovation.pl\/index.php?rest_route=\/wp\/v2\/pages\/561"}],"wp:attachment":[{"href":"https:\/\/ccinnovation.pl\/index.php?rest_route=%2Fwp%2Fv2%2Fmedia&parent=1734"}],"curies":[{"name":"wp","href":"https:\/\/api.w.org\/{rel}","templated":true}]}}