{"id":1995,"date":"2018-11-19T15:36:34","date_gmt":"2018-11-19T15:36:34","guid":{"rendered":"https:\/\/ccinnovation.pl\/?page_id=1995"},"modified":"2019-07-13T15:57:47","modified_gmt":"2019-07-13T15:57:47","slug":"jan-jedrzejczyk","status":"publish","type":"page","link":"https:\/\/ccinnovation.pl\/?page_id=1995","title":{"rendered":"Jan J\u0119drzejczyk"},"content":{"rendered":"<p><a href=\"https:\/\/serwer1985314.home.pl\/wordpress4\/wp-content\/uploads\/2017\/05\/poziome-zdjecia-zespolu-jan.jpg\"><img loading=\"lazy\" decoding=\"async\" class=\"aligncenter wp-image-1339 size-full\" src=\"https:\/\/ccinnovation.pl\/wp-content\/uploads\/2017\/05\/poziome-zdjecia-zespolu-jan.jpg\" alt=\"\" width=\"900\" height=\"400\" srcset=\"https:\/\/ccinnovation.pl\/wp-content\/uploads\/2017\/05\/poziome-zdjecia-zespolu-jan.jpg 900w, https:\/\/ccinnovation.pl\/wp-content\/uploads\/2017\/05\/poziome-zdjecia-zespolu-jan-300x133.jpg 300w, https:\/\/ccinnovation.pl\/wp-content\/uploads\/2017\/05\/poziome-zdjecia-zespolu-jan-768x341.jpg 768w, https:\/\/ccinnovation.pl\/wp-content\/uploads\/2017\/05\/poziome-zdjecia-zespolu-jan-480x213.jpg 480w, https:\/\/ccinnovation.pl\/wp-content\/uploads\/2017\/05\/poziome-zdjecia-zespolu-jan-410x182.jpg 410w, https:\/\/ccinnovation.pl\/wp-content\/uploads\/2017\/05\/poziome-zdjecia-zespolu-jan-100x44.jpg 100w, https:\/\/ccinnovation.pl\/wp-content\/uploads\/2017\/05\/poziome-zdjecia-zespolu-jan-275x122.jpg 275w\" sizes=\"auto, (max-width: 900px) 100vw, 900px\" \/><\/a><\/p>\n<p>Coach, trener, konsultant w CCInnovation, certyfikowany Coach MLC, akredytowany w\u00a0Izbie Coachingu.<\/p>\n<p>Absolwent Wydzia\u0142u Psychologii Uniwersytetu Warszawskiego. Coaching prowadzi od roku 2011. Pracuje m.in. z\u00a0podnoszeniem w\u0142asnej efektywno\u015bci, wzmacnianiem pewno\u015bci siebie, budowaniem determinacji do osi\u0105gania cel\u00f3w, dbaniem o\u00a0r\u00f3wnowag\u0119 \u017cyciow\u0105, ograniczaniem stresu i\u00a0planowaniem kariery. Korzysta z\u00a0metod Coachingu wielopoziomowego (MLC), a\u00a0tak\u017ce innych podej\u015b\u0107 m.in. poznawczo-behawioralnych tzw. trzeciej fali, hipnozy. W\u00a0pracy zale\u017cy mu na prawdziwych\u00a0 i\u00a0trwa\u0142ych efektach u\u00a0klient\u00f3w, dlatego opiera j\u0105 o\u00a0wiedz\u0119 naukow\u0105. Od lat zafascynowany psychologi\u0105 i\u00a0jej zastosowaniami we wprowadzaniu zmian. Przekuwa najnowsze badania naukowe w\u00a0praktyk\u0119, by s\u0142u\u017cy\u0142y budowaniu lepszego \u017cycia. Wyst\u0119puje przeciw manipulacjom w\u00a0rozwoju osobistym i\u00a0coachingu oraz promowaniu popularno-psychologicznych mit\u00f3w. Doktorant na Wydziale Psychologii Uniwersytetu Warszawskiego i\u00a0cz\u0142onek Intelligence Cognition Emotion LAB. Zajmuje si\u0119 badaniami naukowymi nad uwarunkowaniami si\u0142y woli (samokontroli) w\u00a0zakresie osi\u0105gania cel\u00f3w i\u00a0metodami jej wzmacniania. Prowadzi autorskie zaj\u0119cia dotycz\u0105ce psychologii motywacji oraz zaj\u0119cia z\u00a0coachingu wielopoziomowego na studiach magisterskich i\u00a0podyplomowych. Publikuje artyku\u0142y w\u00a0czasopismach naukowych.<\/p>\n","protected":false},"excerpt":{"rendered":"<p>Coach, trener, konsultant w CCInnovation, certyfikowany Coach MLC, akredytowany w\u00a0Izbie Coachingu. Absolwent Wydzia\u0142u Psychologii Uniwersytetu Warszawskiego. Coaching prowadzi od roku 2011. Pracuje m.in. z\u00a0podnoszeniem w\u0142asnej efektywno\u015bci, wzmacnianiem pewno\u015bci siebie, budowaniem determinacji do osi\u0105gania cel\u00f3w, dbaniem o\u00a0r\u00f3wnowag\u0119 \u017cyciow\u0105, ograniczaniem stresu i\u00a0planowaniem kariery. Korzysta z\u00a0metod Coachingu wielopoziomowego (MLC), a\u00a0tak\u017ce innych podej\u015b\u0107 m.in. poznawczo-behawioralnych tzw. trzeciej fali, hipnozy. [&hellip;]<\/p>\n","protected":false},"author":1,"featured_media":0,"parent":561,"menu_order":0,"comment_status":"closed","ping_status":"closed","template":"","meta":{"footnotes":""},"class_list":["post-1995","page","type-page","status-publish","hentry"],"_links":{"self":[{"href":"https:\/\/ccinnovation.pl\/index.php?rest_route=\/wp\/v2\/pages\/1995","targetHints":{"allow":["GET"]}}],"collection":[{"href":"https:\/\/ccinnovation.pl\/index.php?rest_route=\/wp\/v2\/pages"}],"about":[{"href":"https:\/\/ccinnovation.pl\/index.php?rest_route=\/wp\/v2\/types\/page"}],"author":[{"embeddable":true,"href":"https:\/\/ccinnovation.pl\/index.php?rest_route=\/wp\/v2\/users\/1"}],"replies":[{"embeddable":true,"href":"https:\/\/ccinnovation.pl\/index.php?rest_route=%2Fwp%2Fv2%2Fcomments&post=1995"}],"version-history":[{"count":5,"href":"https:\/\/ccinnovation.pl\/index.php?rest_route=\/wp\/v2\/pages\/1995\/revisions"}],"predecessor-version":[{"id":2164,"href":"https:\/\/ccinnovation.pl\/index.php?rest_route=\/wp\/v2\/pages\/1995\/revisions\/2164"}],"up":[{"embeddable":true,"href":"https:\/\/ccinnovation.pl\/index.php?rest_route=\/wp\/v2\/pages\/561"}],"wp:attachment":[{"href":"https:\/\/ccinnovation.pl\/index.php?rest_route=%2Fwp%2Fv2%2Fmedia&parent=1995"}],"curies":[{"name":"wp","href":"https:\/\/api.w.org\/{rel}","templated":true}]}}