{"id":2154,"date":"2019-07-13T15:34:06","date_gmt":"2019-07-13T15:34:06","guid":{"rendered":"https:\/\/ccinnovation.pl\/?page_id=2154"},"modified":"2019-07-13T15:34:34","modified_gmt":"2019-07-13T15:34:34","slug":"malgorzata-rokicka","status":"publish","type":"page","link":"https:\/\/ccinnovation.pl\/?page_id=2154","title":{"rendered":"Ma\u0142gorzata Rokicka"},"content":{"rendered":"<p><img loading=\"lazy\" decoding=\"async\" class=\"aligncenter size-full wp-image-2155\" src=\"https:\/\/ccinnovation.pl\/wp-content\/uploads\/2019\/07\/2.jpg\" alt=\"\" width=\"4688\" height=\"3124\" srcset=\"https:\/\/ccinnovation.pl\/wp-content\/uploads\/2019\/07\/2.jpg 4688w, https:\/\/ccinnovation.pl\/wp-content\/uploads\/2019\/07\/2-300x200.jpg 300w, https:\/\/ccinnovation.pl\/wp-content\/uploads\/2019\/07\/2-768x512.jpg 768w, https:\/\/ccinnovation.pl\/wp-content\/uploads\/2019\/07\/2-1024x682.jpg 1024w, https:\/\/ccinnovation.pl\/wp-content\/uploads\/2019\/07\/2-480x320.jpg 480w, https:\/\/ccinnovation.pl\/wp-content\/uploads\/2019\/07\/2-410x273.jpg 410w, https:\/\/ccinnovation.pl\/wp-content\/uploads\/2019\/07\/2-100x67.jpg 100w, https:\/\/ccinnovation.pl\/wp-content\/uploads\/2019\/07\/2-275x183.jpg 275w\" sizes=\"auto, (max-width: 4688px) 100vw, 4688px\" \/><\/p>\n<p>Coach i trener wsp\u00f3\u0142pracuj\u0105cy z CC Innovation; konsultant ds. marketingu w CC<br \/>\nInnovation. Certyfikowany Coach MLC, biolog (SGGW) i dyplomowany psycholog koni<br \/>\n(PAN). Prowadzi indywidualne i grupowe programy rozwojowe autorsk\u0105 metod\u0105<br \/>\nrozwojow\u0105 w asy\u015bcie koni. Specjalizuje si\u0119 w rozwijaniu inteligencji emocjonalnej.<br \/>\nPosiada wieloletnie do\u015bwiadczenie w pracy z lud\u017ami z r\u00f3\u017cnych bran\u017cy. Najbli\u017csz\u0105 jej<br \/>\nsercu grup\u0105 s\u0105 arty\u015bci. Wspiera swoich klient\u00f3w w odkrywaniu siebie i rozwijaniu ich<br \/>\nnaturalnego potencja\u0142u, bo wierzy, \u017ce prawdziwe pi\u0119kno i prawdziwa moc cz\u0142owieka<br \/>\ntkwi\u0105 w jego autentyczno\u015bci.<br \/>\nObszary jej pracy to przede wszystkim: pewno\u015b\u0107 siebie, przyw\u00f3dztwo, kreatywno\u015b\u0107 i<br \/>\nelastyczno\u015b\u0107, sp\u00f3jno\u015b\u0107 wewn\u0119trzna, komunikacja niewerbalna, empatyczna<br \/>\nkomunikacja i budowanie relacji.<br \/>\nProwadzone przez ni\u0105 sesje z udzia\u0142em koni s\u0105 unikalne i bardzo intensywne, poniewa\u017c<br \/>\nopieraj\u0105 si\u0119 w g\u0142\u00f3wnej mierze na pracy z emocjami w procesie nauki przez<br \/>\ndo\u015bwiadczanie.<br \/>\nW \u017cyciu i w pracy kieruje si\u0119 maksym\u0105: \u201eKa\u017cdy cz\u0142owiek ma w sobie unikalne dary,<br \/>\nkt\u00f3re daj\u0105 mu moc i mo\u017cliwo\u015b\u0107 osi\u0105gania wielkich rzeczy, je\u015bli nauczy si\u0119 z nich<br \/>\nw\u0142a\u015bciwie korzysta\u0107\u201d (Zig Ziglar).<\/p>\n","protected":false},"excerpt":{"rendered":"<p>Coach i trener wsp\u00f3\u0142pracuj\u0105cy z CC Innovation; konsultant ds. marketingu w CC Innovation. Certyfikowany Coach MLC, biolog (SGGW) i dyplomowany psycholog koni (PAN). Prowadzi indywidualne i grupowe programy rozwojowe autorsk\u0105 metod\u0105 rozwojow\u0105 w asy\u015bcie koni. Specjalizuje si\u0119 w rozwijaniu inteligencji emocjonalnej. Posiada wieloletnie do\u015bwiadczenie w pracy z lud\u017ami z r\u00f3\u017cnych bran\u017cy. Najbli\u017csz\u0105 jej sercu grup\u0105 [&hellip;]<\/p>\n","protected":false},"author":1,"featured_media":0,"parent":561,"menu_order":0,"comment_status":"closed","ping_status":"closed","template":"","meta":{"footnotes":""},"class_list":["post-2154","page","type-page","status-publish","hentry"],"_links":{"self":[{"href":"https:\/\/ccinnovation.pl\/index.php?rest_route=\/wp\/v2\/pages\/2154","targetHints":{"allow":["GET"]}}],"collection":[{"href":"https:\/\/ccinnovation.pl\/index.php?rest_route=\/wp\/v2\/pages"}],"about":[{"href":"https:\/\/ccinnovation.pl\/index.php?rest_route=\/wp\/v2\/types\/page"}],"author":[{"embeddable":true,"href":"https:\/\/ccinnovation.pl\/index.php?rest_route=\/wp\/v2\/users\/1"}],"replies":[{"embeddable":true,"href":"https:\/\/ccinnovation.pl\/index.php?rest_route=%2Fwp%2Fv2%2Fcomments&post=2154"}],"version-history":[{"count":2,"href":"https:\/\/ccinnovation.pl\/index.php?rest_route=\/wp\/v2\/pages\/2154\/revisions"}],"predecessor-version":[{"id":2157,"href":"https:\/\/ccinnovation.pl\/index.php?rest_route=\/wp\/v2\/pages\/2154\/revisions\/2157"}],"up":[{"embeddable":true,"href":"https:\/\/ccinnovation.pl\/index.php?rest_route=\/wp\/v2\/pages\/561"}],"wp:attachment":[{"href":"https:\/\/ccinnovation.pl\/index.php?rest_route=%2Fwp%2Fv2%2Fmedia&parent=2154"}],"curies":[{"name":"wp","href":"https:\/\/api.w.org\/{rel}","templated":true}]}}