{"id":436,"date":"2016-12-16T20:53:26","date_gmt":"2016-12-16T20:53:26","guid":{"rendered":"https:\/\/econlp.home.pl\/autoinstalator\/wordpress4\/?page_id=436"},"modified":"2017-05-01T13:36:03","modified_gmt":"2017-05-01T13:36:03","slug":"metoda-multi-level-course","status":"publish","type":"page","link":"https:\/\/ccinnovation.pl\/?page_id=436","title":{"rendered":"Metoda Multi-Level Course"},"content":{"rendered":"<blockquote><p><em>Nie szukaj b\u0142\u0119d\u00f3w, szukaj rozwi\u0105za\u0144.<\/em><\/p>\n<p>\u2014 Henry Ford<\/p><\/blockquote>\n<p><a href=\"http:\/\/econlp.home.pl\/autoinstalator\/wordpress4\/wp-content\/uploads\/2015\/03\/MLCourse-ekran.png\"><img loading=\"lazy\" decoding=\"async\" class=\"alignleft wp-image-628\" src=\"http:\/\/econlp.home.pl\/autoinstalator\/wordpress4\/wp-content\/uploads\/2015\/03\/MLCourse-ekran-300x271.png\" alt=\"\" width=\"150\" height=\"136\" srcset=\"https:\/\/ccinnovation.pl\/wp-content\/uploads\/2015\/03\/MLCourse-ekran-300x271.png 300w, https:\/\/ccinnovation.pl\/wp-content\/uploads\/2015\/03\/MLCourse-ekran-768x694.png 768w, https:\/\/ccinnovation.pl\/wp-content\/uploads\/2015\/03\/MLCourse-ekran-480x434.png 480w, https:\/\/ccinnovation.pl\/wp-content\/uploads\/2015\/03\/MLCourse-ekran-410x371.png 410w, https:\/\/ccinnovation.pl\/wp-content\/uploads\/2015\/03\/MLCourse-ekran-100x90.png 100w, https:\/\/ccinnovation.pl\/wp-content\/uploads\/2015\/03\/MLCourse-ekran-275x249.png 275w, https:\/\/ccinnovation.pl\/wp-content\/uploads\/2015\/03\/MLCourse-ekran.png 948w\" sizes=\"auto, (max-width: 150px) 100vw, 150px\" \/><\/a>Satysfakcjonuj\u0105 nas tylko te rozwi\u0105zania, kt\u00f3re s\u0105 przydatne naszym klientom. Dlatego przygotowujemy \u201euszyty na miar\u0119\u201d program szkolenia, dzi\u0119ki czemu jest on dostosowany do potrzeb konkretnej firmy i\u00a0grupy uczestnik\u00f3w.<\/p>\n<p>Zaj\u0119cia s\u0105 prowadzone w\u00a0formie warsztat\u00f3w, czyli przy dostarczeniu niezb\u0119dnej wiedzy, nacisk po\u0142o\u017cony jest na praktyczne \u0107wiczenia i\u00a0zdobywanie umiej\u0119tno\u015bci. Podczas szkolenia wykorzystany zostaje tak\u017ce potencja\u0142 ca\u0142ej grupy \u2013 wsp\u00f3lnego kreatywnego my\u015blenia, wymiany do\u015bwiadcze\u0144 i\u00a0obserwacji.<\/p>\n<p>&nbsp;<\/p>\n<p>Poszczeg\u00f3lne zagadnienia s\u0105 \u0107wiczone w\u00a0formie:<\/p>\n<ul>\n<li>prezentacji,<\/li>\n<li>dyskusji,<\/li>\n<li>\u0107wicze\u0144 w\u00a0grupie i\u00a0w\u00a0ma\u0142ych grupach,<\/li>\n<li>\u0107wicze\u0144 z\u00a0u\u017cyciem kamery,<\/li>\n<li>analiz przypadk\u00f3w,<\/li>\n<li>symulacji i\u00a0gier symulacyjnych.<\/li>\n<\/ul>\n","protected":false},"excerpt":{"rendered":"<p>Nie szukaj b\u0142\u0119d\u00f3w, szukaj rozwi\u0105za\u0144. \u2014 Henry Ford Satysfakcjonuj\u0105 nas tylko te rozwi\u0105zania, kt\u00f3re s\u0105 przydatne naszym klientom. Dlatego przygotowujemy \u201euszyty na miar\u0119\u201d program szkolenia, dzi\u0119ki czemu jest on dostosowany do potrzeb konkretnej firmy i\u00a0grupy uczestnik\u00f3w. Zaj\u0119cia s\u0105 prowadzone w\u00a0formie warsztat\u00f3w, czyli przy dostarczeniu niezb\u0119dnej wiedzy, nacisk po\u0142o\u017cony jest na praktyczne \u0107wiczenia i\u00a0zdobywanie umiej\u0119tno\u015bci. Podczas [&hellip;]<\/p>\n","protected":false},"author":1,"featured_media":0,"parent":423,"menu_order":3,"comment_status":"closed","ping_status":"closed","template":"page-templates\/page_no-header.php","meta":{"footnotes":""},"class_list":["post-436","page","type-page","status-publish","hentry"],"_links":{"self":[{"href":"https:\/\/ccinnovation.pl\/index.php?rest_route=\/wp\/v2\/pages\/436","targetHints":{"allow":["GET"]}}],"collection":[{"href":"https:\/\/ccinnovation.pl\/index.php?rest_route=\/wp\/v2\/pages"}],"about":[{"href":"https:\/\/ccinnovation.pl\/index.php?rest_route=\/wp\/v2\/types\/page"}],"author":[{"embeddable":true,"href":"https:\/\/ccinnovation.pl\/index.php?rest_route=\/wp\/v2\/users\/1"}],"replies":[{"embeddable":true,"href":"https:\/\/ccinnovation.pl\/index.php?rest_route=%2Fwp%2Fv2%2Fcomments&post=436"}],"version-history":[{"count":4,"href":"https:\/\/ccinnovation.pl\/index.php?rest_route=\/wp\/v2\/pages\/436\/revisions"}],"predecessor-version":[{"id":1115,"href":"https:\/\/ccinnovation.pl\/index.php?rest_route=\/wp\/v2\/pages\/436\/revisions\/1115"}],"up":[{"embeddable":true,"href":"https:\/\/ccinnovation.pl\/index.php?rest_route=\/wp\/v2\/pages\/423"}],"wp:attachment":[{"href":"https:\/\/ccinnovation.pl\/index.php?rest_route=%2Fwp%2Fv2%2Fmedia&parent=436"}],"curies":[{"name":"wp","href":"https:\/\/api.w.org\/{rel}","templated":true}]}}