{"id":440,"date":"2016-12-16T21:02:25","date_gmt":"2016-12-16T21:02:25","guid":{"rendered":"https:\/\/econlp.home.pl\/autoinstalator\/wordpress4\/?page_id=440"},"modified":"2017-05-10T17:47:52","modified_gmt":"2017-05-10T17:47:52","slug":"coaching-zespolu","status":"publish","type":"page","link":"https:\/\/ccinnovation.pl\/?page_id=440","title":{"rendered":"Coaching zespo\u0142u"},"content":{"rendered":"<p>Program zaj\u0119\u0107 Coaching zespo\u0142u\u00a0 ma na celu zapoznanie uczestnik\u00f3w ze specyfik\u0105 pracy w\u00a0kontek\u015bcie coachingu zespo\u0142owego. Uczymy uczestnik\u00f3w rozumienia funkcjonowania grup w\u00a0organizacjach.Przedstawiamy r\u00f3wnie\u017c spos\u00f3b pracy w\u00a0coachingu zespo\u0142owym wraz z\u00a0praktycznymi technikami oraz narz\u0119dziami.\u00a0 S\u0105 one przydatne zar\u00f3wno w\u00a0kontek\u015bcie zwi\u0119kszenia wsp\u00f3\u0142pracy w\u00a0zespole, poprawy komunikacji, zapobiegania destruktywnym konfliktom, w\u00a0procesie ustalania wsp\u00f3lnych cel\u00f3w, a\u00a0tak\u017ce efektywnego realizowania zada\u0144 oraz skutecznego wdra\u017cania zmian.<\/p>\n<h4>Skr\u00f3cony program<\/h4>\n<p>Poni\u017cej przedstawiamy Pa\u0144stwu skr\u00f3cony program, zawieraj\u0105cy g\u0142\u00f3wne zagadnienia poruszane podczas szkolenia. Program dopasowujemy ka\u017cdorazowo do potrzeb klienta oraz charakterystyki grupy docelowej. Szkolenie w\u00a0tej formule jest zaplanowane na trzy dni.<\/p>\n<p>O\u00a0grupach i\u00a0zespo\u0142ach \u2013 definicje i\u00a0r\u00f3\u017cnice, zesp\u00f3\u0142 jako system, fazy powstawania zespo\u0142u, role w\u00a0zespole, przyw\u00f3dztwo w\u00a0zespole,<\/p>\n<ul>\n<li>Zastosowania coachingu zespo\u0142owego.<\/li>\n<li>Zasady prowadzenia coachingu zespo\u0142owego.<\/li>\n<li>Praca z\u00a0celem.<\/li>\n<li>Wsparcie zespo\u0142u w\u00a0procesie zmian.<\/li>\n<li>Wydobywanie mocnych stron zespo\u0142u, wykorzystywanie ich i\u00a0wzmacnianie.<\/li>\n<li>Uruchamianie kreatywno\u015bci.<\/li>\n<li>Pokonywanie ogranicze\u0144.<\/li>\n<li>Konflikty w\u00a0zespole i\u00a0narz\u0119dzia ich rozwi\u0105zywania.<\/li>\n<li>Coach jako mediator.<\/li>\n<li>Zwi\u0119kszanie sp\u00f3jno\u015bci zespo\u0142u.<\/li>\n<li>Praca z\u00a0warto\u015bciami zespo\u0142u i\u00a0jednostek.<\/li>\n<li>Nauka nowych umiej\u0119tno\u015bci.<\/li>\n<\/ul>\n<p>Je\u015bli pragn\u0105 Pa\u0144stwo pozna\u0107 szczeg\u00f3\u0142y powy\u017cszego warsztatu lub s\u0105 zainteresowani korzy\u015bciami, jakie mo\u017ce przynie\u015b\u0107 Pa\u0144stwa firmie, zach\u0119camy do <a href=\"http:\/\/ccinnovation.pl\/?page_id=518\">kontaktu z\u00a0naszym konsultantem<\/a>.<\/p>\n<h6><a href=\"http:\/\/ccinnovation.pl\/?page_id=438\">powr\u00f3t<\/a><\/h6>\n","protected":false},"excerpt":{"rendered":"<p>Program zaj\u0119\u0107 Coaching zespo\u0142u\u00a0 ma na celu zapoznanie uczestnik\u00f3w ze specyfik\u0105 pracy w\u00a0kontek\u015bcie coachingu zespo\u0142owego. Uczymy uczestnik\u00f3w rozumienia funkcjonowania grup w\u00a0organizacjach.Przedstawiamy r\u00f3wnie\u017c spos\u00f3b pracy w\u00a0coachingu zespo\u0142owym wraz z\u00a0praktycznymi technikami oraz narz\u0119dziami.\u00a0 S\u0105 one przydatne zar\u00f3wno w\u00a0kontek\u015bcie zwi\u0119kszenia wsp\u00f3\u0142pracy w\u00a0zespole, poprawy komunikacji, zapobiegania destruktywnym konfliktom, w\u00a0procesie ustalania wsp\u00f3lnych cel\u00f3w, a\u00a0tak\u017ce efektywnego realizowania zada\u0144 oraz skutecznego wdra\u017cania [&hellip;]<\/p>\n","protected":false},"author":1,"featured_media":0,"parent":438,"menu_order":1,"comment_status":"closed","ping_status":"closed","template":"page-templates\/page_no-header.php","meta":{"footnotes":""},"class_list":["post-440","page","type-page","status-publish","hentry"],"_links":{"self":[{"href":"https:\/\/ccinnovation.pl\/index.php?rest_route=\/wp\/v2\/pages\/440","targetHints":{"allow":["GET"]}}],"collection":[{"href":"https:\/\/ccinnovation.pl\/index.php?rest_route=\/wp\/v2\/pages"}],"about":[{"href":"https:\/\/ccinnovation.pl\/index.php?rest_route=\/wp\/v2\/types\/page"}],"author":[{"embeddable":true,"href":"https:\/\/ccinnovation.pl\/index.php?rest_route=\/wp\/v2\/users\/1"}],"replies":[{"embeddable":true,"href":"https:\/\/ccinnovation.pl\/index.php?rest_route=%2Fwp%2Fv2%2Fcomments&post=440"}],"version-history":[{"count":5,"href":"https:\/\/ccinnovation.pl\/index.php?rest_route=\/wp\/v2\/pages\/440\/revisions"}],"predecessor-version":[{"id":1274,"href":"https:\/\/ccinnovation.pl\/index.php?rest_route=\/wp\/v2\/pages\/440\/revisions\/1274"}],"up":[{"embeddable":true,"href":"https:\/\/ccinnovation.pl\/index.php?rest_route=\/wp\/v2\/pages\/438"}],"wp:attachment":[{"href":"https:\/\/ccinnovation.pl\/index.php?rest_route=%2Fwp%2Fv2%2Fmedia&parent=440"}],"curies":[{"name":"wp","href":"https:\/\/api.w.org\/{rel}","templated":true}]}}