{"id":446,"date":"2016-12-30T17:38:57","date_gmt":"2016-12-30T17:38:57","guid":{"rendered":"https:\/\/econlp.home.pl\/autoinstalator\/wordpress4\/?page_id=446"},"modified":"2017-05-10T17:48:51","modified_gmt":"2017-05-10T17:48:51","slug":"akademia-coachingu-program-dla-coachow-wewnetrznych-i-menedzerow","status":"publish","type":"page","link":"https:\/\/ccinnovation.pl\/?page_id=446","title":{"rendered":"Akademia coachingu \u2013 program dla coach\u00f3w wewn\u0119trznych i\u00a0mened\u017cer\u00f3w"},"content":{"rendered":"<p><strong>Akademia coachingu<\/strong> jest programem szkolenia coach\u00f3w wewn\u0119trznych.W\u00a0jej sk\u0142ad wchodz\u0105 warsztaty, seminaria, wyk\u0142ady specjalistyczne, praca w\u0142asna oraz superwizja.<\/p>\n<p>Celem jest dostarczenie <strong>kompetencji prowadzenia coachingu w\u00a0organizacji<\/strong> i\u00a0wykorzystania go w\u00a0kontek\u015bcie <strong>bie\u017c\u0105cych zada\u0144<\/strong> w\u00a0firmie. Uczestnicy \u0107wicz\u0105 konkretne<strong> techniki coachingu indywidualnego i\u00a0zespo\u0142owego<\/strong>. Dostarczymy przyk\u0142adowe sposoby pracy:<\/p>\n<ul>\n<li>okre\u015blanie cel\u00f3w,<\/li>\n<li>uruchamianie proces\u00f3w kreatywnego rozwi\u0105zywania problem\u00f3w,<\/li>\n<li>interwencje dotycz\u0105ce ro\u017cnych poziom\u00f3w funkcjonowania.<\/li>\n<\/ul>\n<h4><\/h4>\n<h4>Ramowy program<\/h4>\n<table>\n<tbody>\n<tr>\n<td style=\"text-align: left;\">1.<\/td>\n<th style=\"text-align: left;\"><em>Umiej\u0119tno\u015bci komunikowania si\u0119, wywieranie wp\u0142ywu na innych, motywowanie<\/em><\/th>\n<td style=\"text-align: left;\">warsztat<\/td>\n<td style=\"text-align: left;\">2\u00a0dni<\/td>\n<\/tr>\n<tr>\n<td style=\"text-align: left;\">2.<\/td>\n<th style=\"text-align: left;\"><em>\u015awiadomo\u015b\u0107 i\u00a0nie\u015bwiadomo\u015b\u0107, czynniki maj\u0105ce wp\u0142yw na emocje, \u017ar\u00f3d\u0142a tzw. wewn\u0119trznej motywacji i\u00a0kreatywno\u015bci<\/em><\/th>\n<td style=\"text-align: left;\">warsztat<\/td>\n<td>2 dni<\/td>\n<\/tr>\n<tr>\n<td style=\"text-align: left;\">3.<\/td>\n<th style=\"text-align: left;\"><em>Coaching \u2013 rola metody w\u00a0organizacji, zasady etyczne, kontrakt<\/em><\/th>\n<td style=\"text-align: left;\">seminarium<\/td>\n<td>2 dni<\/td>\n<\/tr>\n<tr>\n<td style=\"text-align: left;\">4.<\/td>\n<th style=\"text-align: left;\">Trening dotycz\u0105cy metod i\u00a0technik pracy w\u00a0coachingu indywidualnym:<\/th>\n<td style=\"text-align: left;\"><\/td>\n<td><\/td>\n<\/tr>\n<tr>\n<td style=\"text-align: left;\">\u2022<\/td>\n<th style=\"text-align: left;\"><em>Coaching wielopoziomowy \u2013 techniki pracy w\u00a0coachingu indywidualnym<\/em><\/th>\n<td>warsztat<\/td>\n<td style=\"text-align: left;\">3\u00d72\u00a0dni<\/td>\n<\/tr>\n<tr>\n<td style=\"text-align: left;\">\u2022<\/td>\n<th style=\"text-align: left;\">Praca w\u00a0grupach roboczych<\/th>\n<td><\/td>\n<td style=\"text-align: left;\"><\/td>\n<\/tr>\n<tr>\n<td style=\"text-align: left;\">\u2022<\/td>\n<th style=\"text-align: left;\">Ewaluacja \u2013 ocena kompetencji uczestnik\u00f3w<\/th>\n<td><\/td>\n<td style=\"text-align: left;\">2\u00a0dni<\/td>\n<\/tr>\n<tr>\n<td style=\"text-align: left;\">5.<\/td>\n<th style=\"text-align: left;\">Treningowe sesje coachingu z\u00a0realnym klientem<\/th>\n<td><\/td>\n<td style=\"text-align: left;\"><\/td>\n<\/tr>\n<tr>\n<td style=\"text-align: left;\">6.<\/td>\n<th style=\"text-align: left;\">Specyfika coachingu realizowanego przez coacha wewn\u0119trznego w\u00a0organizacji<\/th>\n<td>warsztat<\/td>\n<td style=\"text-align: left;\">2\u00a0dni<\/td>\n<\/tr>\n<tr>\n<td style=\"text-align: left;\">7.<\/td>\n<th style=\"text-align: left;\">Coaching zespo\u0142u<\/th>\n<td>warsztat<\/td>\n<td style=\"text-align: left;\">2\u00a0dni<\/td>\n<\/tr>\n<tr>\n<td style=\"text-align: left;\">8.<\/td>\n<th style=\"text-align: left;\">Praktyka w\u00a0roli coacha pod systematyczn\u0105 superwizj\u0105<\/th>\n<td><\/td>\n<td style=\"text-align: left;\"><\/td>\n<\/tr>\n<\/tbody>\n<\/table>\n<h5>Dodatkowe opcje:<\/h5>\n<ul>\n<li>superwizja coachingu zespo\u0142owego<\/li>\n<li>obj\u0119cie opiek\u0105 mentorsk\u0105 indywidualnie ka\u017cdego z\u00a0uczestnik\u00f3w.<\/li>\n<\/ul>\n<p>Je\u015bli pragn\u0105 Pa\u0144stwo pozna\u0107 szczeg\u00f3\u0142y powy\u017cszego warsztatu lub s\u0105 zainteresowani korzy\u015bciami, jakie mo\u017ce przynie\u015b\u0107 Pa\u0144stwa firmie, zach\u0119camy do <a href=\"http:\/\/ccinnovation.pl\/?page_id=518\">kontaktu z\u00a0naszym konsultantem<\/a>.<\/p>\n<h6><a href=\"http:\/\/ccinnovation.pl\/?page_id=438\">powr\u00f3t<\/a><\/h6>\n","protected":false},"excerpt":{"rendered":"<p>Akademia coachingu jest programem szkolenia coach\u00f3w wewn\u0119trznych.W\u00a0jej sk\u0142ad wchodz\u0105 warsztaty, seminaria, wyk\u0142ady specjalistyczne, praca w\u0142asna oraz superwizja. Celem jest dostarczenie kompetencji prowadzenia coachingu w\u00a0organizacji i\u00a0wykorzystania go w\u00a0kontek\u015bcie bie\u017c\u0105cych zada\u0144 w\u00a0firmie. Uczestnicy \u0107wicz\u0105 konkretne techniki coachingu indywidualnego i\u00a0zespo\u0142owego. Dostarczymy przyk\u0142adowe sposoby pracy: okre\u015blanie cel\u00f3w, uruchamianie proces\u00f3w kreatywnego rozwi\u0105zywania problem\u00f3w, interwencje dotycz\u0105ce ro\u017cnych poziom\u00f3w funkcjonowania. Ramowy program [&hellip;]<\/p>\n","protected":false},"author":1,"featured_media":0,"parent":438,"menu_order":2,"comment_status":"closed","ping_status":"closed","template":"page-templates\/page_no-header.php","meta":{"footnotes":""},"class_list":["post-446","page","type-page","status-publish","hentry"],"_links":{"self":[{"href":"https:\/\/ccinnovation.pl\/index.php?rest_route=\/wp\/v2\/pages\/446","targetHints":{"allow":["GET"]}}],"collection":[{"href":"https:\/\/ccinnovation.pl\/index.php?rest_route=\/wp\/v2\/pages"}],"about":[{"href":"https:\/\/ccinnovation.pl\/index.php?rest_route=\/wp\/v2\/types\/page"}],"author":[{"embeddable":true,"href":"https:\/\/ccinnovation.pl\/index.php?rest_route=\/wp\/v2\/users\/1"}],"replies":[{"embeddable":true,"href":"https:\/\/ccinnovation.pl\/index.php?rest_route=%2Fwp%2Fv2%2Fcomments&post=446"}],"version-history":[{"count":11,"href":"https:\/\/ccinnovation.pl\/index.php?rest_route=\/wp\/v2\/pages\/446\/revisions"}],"predecessor-version":[{"id":1275,"href":"https:\/\/ccinnovation.pl\/index.php?rest_route=\/wp\/v2\/pages\/446\/revisions\/1275"}],"up":[{"embeddable":true,"href":"https:\/\/ccinnovation.pl\/index.php?rest_route=\/wp\/v2\/pages\/438"}],"wp:attachment":[{"href":"https:\/\/ccinnovation.pl\/index.php?rest_route=%2Fwp%2Fv2%2Fmedia&parent=446"}],"curies":[{"name":"wp","href":"https:\/\/api.w.org\/{rel}","templated":true}]}}