{"id":463,"date":"2016-12-30T17:49:16","date_gmt":"2016-12-30T17:49:16","guid":{"rendered":"https:\/\/econlp.home.pl\/autoinstalator\/wordpress4\/?page_id=463"},"modified":"2017-05-10T17:51:27","modified_gmt":"2017-05-10T17:51:27","slug":"jak-negocjowac-i-budowac-dobre-relacje-z-klientem","status":"publish","type":"page","link":"https:\/\/ccinnovation.pl\/?page_id=463","title":{"rendered":"Jak negocjowa\u0107 i\u00a0budowa\u0107 dobre relacje z\u00a0klientem"},"content":{"rendered":"<p>Szkolenie daje mo\u017cliwo\u015b\u0107 podniesienia swojej wiedzy dotycz\u0105cej r\u00f3\u017cnorodnych mechanizm\u00f3w wp\u0142ywaj\u0105cych na zachowanie partner\u00f3w w\u00a0kontek\u015bcie negocjacji. Uczestnicy maj\u0105 mo\u017cliwo\u015b\u0107 zapoznania si\u0119 nie tylko z\u00a0metodami skutecznego negocjowania (wywieranie wp\u0142ywu, zarz\u0105dzanie emocjami swoimi i\u00a0partnera, sprawno\u015b\u0107 w\u00a0komunikowaniu si\u0119, zr\u0119czno\u015b\u0107 j\u0119zykowa). Dodatkowo zdobywaj\u0105 wiedz\u0119 jak przygotowa\u0107 si\u0119 ca\u0142o\u015bciowo do procesu negocjacji, jak wsp\u00f3\u0142dzia\u0142a\u0107 z\u00a0osobami w\u00a0zespole, oraz czerpa\u0107 wiedz\u0119 z\u00a0pozornych \u201epora\u017cek\u201d.<\/p>\n<p>Szkolenie dedykowane jest dla handlowc\u00f3w, mened\u017cer\u00f3w oraz os\u00f3b z\u00a0dzia\u0142\u00f3w prawnych lub HR, kt\u00f3rzy pragn\u0105 podnie\u015b\u0107 swoje umiej\u0119tno\u015bci negocjacyjne.<\/p>\n<p>Je\u015bli pragn\u0105 Pa\u0144stwo pozna\u0107 szczeg\u00f3\u0142y powy\u017cszego warsztatu lub s\u0105 zainteresowani korzy\u015bciami, jakie mo\u017ce przynie\u015b\u0107 Pa\u0144stwa firmie, zach\u0119camy do <a href=\"http:\/\/ccinnovation.pl\/?page_id=518\">kontaktu z\u00a0naszym konsultantem<\/a>.<\/p>\n<h6><a href=\"http:\/\/ccinnovation.pl\/?page_id=438\">powr\u00f3t<\/a><\/h6>\n","protected":false},"excerpt":{"rendered":"<p>Szkolenie daje mo\u017cliwo\u015b\u0107 podniesienia swojej wiedzy dotycz\u0105cej r\u00f3\u017cnorodnych mechanizm\u00f3w wp\u0142ywaj\u0105cych na zachowanie partner\u00f3w w\u00a0kontek\u015bcie negocjacji. Uczestnicy maj\u0105 mo\u017cliwo\u015b\u0107 zapoznania si\u0119 nie tylko z\u00a0metodami skutecznego negocjowania (wywieranie wp\u0142ywu, zarz\u0105dzanie emocjami swoimi i\u00a0partnera, sprawno\u015b\u0107 w\u00a0komunikowaniu si\u0119, zr\u0119czno\u015b\u0107 j\u0119zykowa). Dodatkowo zdobywaj\u0105 wiedz\u0119 jak przygotowa\u0107 si\u0119 ca\u0142o\u015bciowo do procesu negocjacji, jak wsp\u00f3\u0142dzia\u0142a\u0107 z\u00a0osobami w\u00a0zespole, oraz czerpa\u0107 wiedz\u0119 z\u00a0pozornych \u201epora\u017cek\u201d. [&hellip;]<\/p>\n","protected":false},"author":1,"featured_media":0,"parent":438,"menu_order":7,"comment_status":"closed","ping_status":"closed","template":"page-templates\/page_no-header.php","meta":{"footnotes":""},"class_list":["post-463","page","type-page","status-publish","hentry"],"_links":{"self":[{"href":"https:\/\/ccinnovation.pl\/index.php?rest_route=\/wp\/v2\/pages\/463","targetHints":{"allow":["GET"]}}],"collection":[{"href":"https:\/\/ccinnovation.pl\/index.php?rest_route=\/wp\/v2\/pages"}],"about":[{"href":"https:\/\/ccinnovation.pl\/index.php?rest_route=\/wp\/v2\/types\/page"}],"author":[{"embeddable":true,"href":"https:\/\/ccinnovation.pl\/index.php?rest_route=\/wp\/v2\/users\/1"}],"replies":[{"embeddable":true,"href":"https:\/\/ccinnovation.pl\/index.php?rest_route=%2Fwp%2Fv2%2Fcomments&post=463"}],"version-history":[{"count":4,"href":"https:\/\/ccinnovation.pl\/index.php?rest_route=\/wp\/v2\/pages\/463\/revisions"}],"predecessor-version":[{"id":1285,"href":"https:\/\/ccinnovation.pl\/index.php?rest_route=\/wp\/v2\/pages\/463\/revisions\/1285"}],"up":[{"embeddable":true,"href":"https:\/\/ccinnovation.pl\/index.php?rest_route=\/wp\/v2\/pages\/438"}],"wp:attachment":[{"href":"https:\/\/ccinnovation.pl\/index.php?rest_route=%2Fwp%2Fv2%2Fmedia&parent=463"}],"curies":[{"name":"wp","href":"https:\/\/api.w.org\/{rel}","templated":true}]}}