{"id":561,"date":"2016-12-30T19:20:25","date_gmt":"2016-12-30T19:20:25","guid":{"rendered":"https:\/\/econlp.home.pl\/autoinstalator\/wordpress4\/?page_id=561"},"modified":"2022-09-09T21:38:45","modified_gmt":"2022-09-09T21:38:45","slug":"zespol","status":"publish","type":"page","link":"https:\/\/ccinnovation.pl\/?page_id=561","title":{"rendered":"Zesp\u00f3\u0142"},"content":{"rendered":"<h4>Kierownictwo merytoryczne<\/h4>\n<p>&nbsp;<\/p>\n<h5>Miros\u0142awa Huflejt-\u0141ukasik<\/h5>\n<p><a href=\"https:\/\/ccinnovation.pl\/?page_id=1717\"><img loading=\"lazy\" decoding=\"async\" class=\"aligncenter wp-image-1343 size-full\" src=\"https:\/\/ccinnovation.pl\/wp-content\/uploads\/2017\/05\/poziome-zdjecia-zespolu-mirka.jpg\" alt=\"\" width=\"900\" height=\"400\" srcset=\"https:\/\/ccinnovation.pl\/wp-content\/uploads\/2017\/05\/poziome-zdjecia-zespolu-mirka.jpg 900w, https:\/\/ccinnovation.pl\/wp-content\/uploads\/2017\/05\/poziome-zdjecia-zespolu-mirka-300x133.jpg 300w, https:\/\/ccinnovation.pl\/wp-content\/uploads\/2017\/05\/poziome-zdjecia-zespolu-mirka-768x341.jpg 768w, https:\/\/ccinnovation.pl\/wp-content\/uploads\/2017\/05\/poziome-zdjecia-zespolu-mirka-480x213.jpg 480w, https:\/\/ccinnovation.pl\/wp-content\/uploads\/2017\/05\/poziome-zdjecia-zespolu-mirka-410x182.jpg 410w, https:\/\/ccinnovation.pl\/wp-content\/uploads\/2017\/05\/poziome-zdjecia-zespolu-mirka-100x44.jpg 100w, https:\/\/ccinnovation.pl\/wp-content\/uploads\/2017\/05\/poziome-zdjecia-zespolu-mirka-275x122.jpg 275w\" sizes=\"auto, (max-width: 900px) 100vw, 900px\" \/><\/a><\/p>\n<p><strong>Profesor UW doktor habilitowana nauk humanistycznych w zakresie psychologii, pracownik Wydzia\u0142u Psychologii Uniwersytetu Warszawskiego. Tw\u00f3rczyni metody kompleksowych us\u0142ug dla firm \u00a0Multi-Level Concept oraz Szko\u0142y Coachingu I Pracy z Grupami MLC. Za\u0142o\u017cycielka i prezes CC Innovation.<\/strong><\/p>\n<h6><a href=\"http:\/\/ccinnovation.pl\/?page_id=1717\">wi\u0119cej<\/a><\/h6>\n<hr \/>\n<h4>Zesp\u00f3\u0142 konsultant\u00f3w, trener\u00f3w i\u00a0coach\u00f3w<\/h4>\n<h5>Piotr Paw\u0142owski<\/h5>\n<h5><a href=\"https:\/\/ccinnovation.pl\/?page_id=1734\"><img loading=\"lazy\" decoding=\"async\" class=\"aligncenter wp-image-1344 size-full\" src=\"https:\/\/ccinnovation.pl\/wp-content\/uploads\/2017\/05\/poziome-zdjecia-zespolu-piotr.jpg\" alt=\"\" width=\"900\" height=\"400\" srcset=\"https:\/\/ccinnovation.pl\/wp-content\/uploads\/2017\/05\/poziome-zdjecia-zespolu-piotr.jpg 900w, https:\/\/ccinnovation.pl\/wp-content\/uploads\/2017\/05\/poziome-zdjecia-zespolu-piotr-300x133.jpg 300w, https:\/\/ccinnovation.pl\/wp-content\/uploads\/2017\/05\/poziome-zdjecia-zespolu-piotr-768x341.jpg 768w, https:\/\/ccinnovation.pl\/wp-content\/uploads\/2017\/05\/poziome-zdjecia-zespolu-piotr-480x213.jpg 480w, https:\/\/ccinnovation.pl\/wp-content\/uploads\/2017\/05\/poziome-zdjecia-zespolu-piotr-410x182.jpg 410w, https:\/\/ccinnovation.pl\/wp-content\/uploads\/2017\/05\/poziome-zdjecia-zespolu-piotr-100x44.jpg 100w, https:\/\/ccinnovation.pl\/wp-content\/uploads\/2017\/05\/poziome-zdjecia-zespolu-piotr-275x122.jpg 275w\" sizes=\"auto, (max-width: 900px) 100vw, 900px\" \/><\/a><\/h5>\n<p>Coach, trener i\u00a0konsultant CC Innovation.\u00a0Absolwent i pracownik Wydzia\u0142u Psychologii Uniwersytetu Warszawskiego.\u00a0 Uko\u0144czy\u0142 dwuletni kurs z\u00a0zakresu wspierania rozwoju psychologicznego ludzi przy O\u015brodku \u201eSynapsis\u201d. Certyfikat Mistrza NLP zdoby\u0142 w\u00a0Polskim Instytucie NLP. Posiada Europejski Certyfikat Psychoterapii (ECP).\u00a0Certyfikowany coach MLC. Akredytowany coach i superwizor Izby Coachingu.<\/p>\n<p>Wsp\u00f3\u0142pracowa\u0142 z\u00a0Warszawsk\u0105 Grup\u0105 Konsultingow\u0105 Sp. z\u00a0o. o. jako konsultant, cz\u0142onek zespo\u0142u prowadz\u0105cego audyty mened\u017cerskie oraz kierownik projektu bada\u0144 satysfakcji pracowniczej. Udziela konsultacji w\u00a0obszarach dotycz\u0105cych selekcji, rekrutacji, budowania zespo\u0142\u00f3w.<\/p>\n<h6><a href=\"http:\/\/ccinnovation.pl\/?page_id=1734\">wi\u0119cej<\/a><\/h6>\n<hr \/>\n<h5>Grzegorz Zawi\u0142owski<\/h5>\n<p><a href=\"https:\/\/ccinnovation.pl\/?page_id=1736\"><img loading=\"lazy\" decoding=\"async\" class=\"aligncenter wp-image-1338 size-full\" src=\"https:\/\/ccinnovation.pl\/wp-content\/uploads\/2017\/05\/poziome-zdjecia-zespolu-grzegorz.jpg\" alt=\"\" width=\"900\" height=\"400\" srcset=\"https:\/\/ccinnovation.pl\/wp-content\/uploads\/2017\/05\/poziome-zdjecia-zespolu-grzegorz.jpg 900w, https:\/\/ccinnovation.pl\/wp-content\/uploads\/2017\/05\/poziome-zdjecia-zespolu-grzegorz-300x133.jpg 300w, https:\/\/ccinnovation.pl\/wp-content\/uploads\/2017\/05\/poziome-zdjecia-zespolu-grzegorz-768x341.jpg 768w, https:\/\/ccinnovation.pl\/wp-content\/uploads\/2017\/05\/poziome-zdjecia-zespolu-grzegorz-480x213.jpg 480w, https:\/\/ccinnovation.pl\/wp-content\/uploads\/2017\/05\/poziome-zdjecia-zespolu-grzegorz-410x182.jpg 410w, https:\/\/ccinnovation.pl\/wp-content\/uploads\/2017\/05\/poziome-zdjecia-zespolu-grzegorz-100x44.jpg 100w, https:\/\/ccinnovation.pl\/wp-content\/uploads\/2017\/05\/poziome-zdjecia-zespolu-grzegorz-275x122.jpg 275w\" sizes=\"auto, (max-width: 900px) 100vw, 900px\" \/><\/a><\/p>\n<p>Coach, trener i\u00a0konsultant CC Innovation. Prowadzi zaj\u0119cia w\u00a0ramach Studium Coachingu MLC. Absolwent Wydzia\u0142u Psychologii Wy\u017cszej Szko\u0142y Finans\u00f3w i\u00a0Zarz\u0105dzania. Przedsi\u0119biorca, praktyk sprzeda\u017cy i\u00a0ekspert ds. obs\u0142ugi klienta. Certyfikowany Coach MLC.<\/p>\n<h6><a href=\"http:\/\/ccinnovation.pl\/?page_id=1736\">wi\u0119cej<\/a><\/h6>\n<hr \/>\n<h5>Jan J\u0119drzejczyk<\/h5>\n<p><a href=\"https:\/\/ccinnovation.pl\/?page_id=1995\"><img loading=\"lazy\" decoding=\"async\" class=\"aligncenter wp-image-1339 size-full\" src=\"https:\/\/ccinnovation.pl\/wp-content\/uploads\/2017\/05\/poziome-zdjecia-zespolu-jan.jpg\" alt=\"\" width=\"900\" height=\"400\" srcset=\"https:\/\/ccinnovation.pl\/wp-content\/uploads\/2017\/05\/poziome-zdjecia-zespolu-jan.jpg 900w, https:\/\/ccinnovation.pl\/wp-content\/uploads\/2017\/05\/poziome-zdjecia-zespolu-jan-300x133.jpg 300w, https:\/\/ccinnovation.pl\/wp-content\/uploads\/2017\/05\/poziome-zdjecia-zespolu-jan-768x341.jpg 768w, https:\/\/ccinnovation.pl\/wp-content\/uploads\/2017\/05\/poziome-zdjecia-zespolu-jan-480x213.jpg 480w, https:\/\/ccinnovation.pl\/wp-content\/uploads\/2017\/05\/poziome-zdjecia-zespolu-jan-410x182.jpg 410w, https:\/\/ccinnovation.pl\/wp-content\/uploads\/2017\/05\/poziome-zdjecia-zespolu-jan-100x44.jpg 100w, https:\/\/ccinnovation.pl\/wp-content\/uploads\/2017\/05\/poziome-zdjecia-zespolu-jan-275x122.jpg 275w\" sizes=\"auto, (max-width: 900px) 100vw, 900px\" \/><\/a><\/p>\n<p>Coach, trener, konsultant w CCInnovation, certyfikowany Coach MLC, akredytowany w Izbie Coachingu.<\/p>\n<h6><a href=\"https:\/\/ccinnovation.pl\/?page_id=1995\">wi\u0119cej<\/a><\/h6>\n<hr \/>\n<h5>Tomasz Frontczak<\/h5>\n<p><a href=\"https:\/\/ccinnovation.pl\/?page_id=1728\"><img loading=\"lazy\" decoding=\"async\" class=\"aligncenter wp-image-1390 size-full\" src=\"https:\/\/ccinnovation.pl\/wp-content\/uploads\/2017\/01\/poziome-zdjecia-zespolu-krzysztof-f.jpg\" alt=\"\" width=\"900\" height=\"400\" srcset=\"https:\/\/ccinnovation.pl\/wp-content\/uploads\/2017\/01\/poziome-zdjecia-zespolu-krzysztof-f.jpg 900w, https:\/\/ccinnovation.pl\/wp-content\/uploads\/2017\/01\/poziome-zdjecia-zespolu-krzysztof-f-300x133.jpg 300w, https:\/\/ccinnovation.pl\/wp-content\/uploads\/2017\/01\/poziome-zdjecia-zespolu-krzysztof-f-768x341.jpg 768w, https:\/\/ccinnovation.pl\/wp-content\/uploads\/2017\/01\/poziome-zdjecia-zespolu-krzysztof-f-480x213.jpg 480w, https:\/\/ccinnovation.pl\/wp-content\/uploads\/2017\/01\/poziome-zdjecia-zespolu-krzysztof-f-410x182.jpg 410w, https:\/\/ccinnovation.pl\/wp-content\/uploads\/2017\/01\/poziome-zdjecia-zespolu-krzysztof-f-100x44.jpg 100w, https:\/\/ccinnovation.pl\/wp-content\/uploads\/2017\/01\/poziome-zdjecia-zespolu-krzysztof-f-275x122.jpg 275w\" sizes=\"auto, (max-width: 900px) 100vw, 900px\" \/><\/a><\/p>\n<p>Coach, consultant, mentor i mediator w CC Innovation. Absolwent Szko\u0142y G\u0142\u00f3wnej Planowania i\u00a0Statystyki (dzi\u015b SGH) na Wydziale Handlu Zagranicznego. Praktyk i\u00a0do\u015bwiadczony mened\u017cer. Pracowa\u0142 dla Pepsi Cola International, by\u0142 cz\u0142onkiem zarz\u0105du Kraft Jacobs Suchard Polska (dzi\u015b Mondelez \u00a0International Polska), dyrektorem handlowym. W\u00a01998 roku zosta\u0142 powo\u0142any na stanowisko Prezesa Powszechnego Towarzystwa Emerytalnego AIG SA i\u00a0rozpocz\u0105\u0142 tworzenie firmy dzia\u0142aj\u0105cej w\u00a0ramach II filaru reformy emerytalnej. Po sukcesie tego przedsi\u0119wzi\u0119cia podj\u0105\u0142 si\u0119 budowy firm ubezpiecze\u0144 na \u017cycie na Litwie i\u00a0\u0141otwie. W latach 2012 \u2013 2016 pe\u0142ni\u0142 funkcj\u0119 Prezesa Powszechnego Towarzystwa Emerytalnego Pocztylion-Arka S.A., b\u0119d\u0105c jedynym na rynku prezesem dw\u00f3ch towarzystw emerytalnych. Od 2017 roku pracowa\u0142 jako interim manager w zarz\u0105dach sp\u00f3\u0142ek Nowe S.A.(w\u0142a\u015bciciel marki Pachn\u0105ca Szafa) i Wojnarowscy Sp. z o.o. (marka Spectrum Led).<\/p>\n<h6><a href=\"http:\/\/ccinnovation.pl\/?page_id=1728\">wi\u0119cej<\/a><\/h6>\n<hr \/>\n<h5>Joanna Fabisiak<\/h5>\n<p><a href=\"https:\/\/ccinnovation.pl\/?page_id=1726\"><img loading=\"lazy\" decoding=\"async\" class=\"aligncenter wp-image-1340 size-full\" src=\"https:\/\/ccinnovation.pl\/wp-content\/uploads\/2017\/05\/poziome-zdjecia-zespolu-joanna.jpg\" alt=\"\" width=\"900\" height=\"400\" srcset=\"https:\/\/ccinnovation.pl\/wp-content\/uploads\/2017\/05\/poziome-zdjecia-zespolu-joanna.jpg 900w, https:\/\/ccinnovation.pl\/wp-content\/uploads\/2017\/05\/poziome-zdjecia-zespolu-joanna-300x133.jpg 300w, https:\/\/ccinnovation.pl\/wp-content\/uploads\/2017\/05\/poziome-zdjecia-zespolu-joanna-768x341.jpg 768w, https:\/\/ccinnovation.pl\/wp-content\/uploads\/2017\/05\/poziome-zdjecia-zespolu-joanna-480x213.jpg 480w, https:\/\/ccinnovation.pl\/wp-content\/uploads\/2017\/05\/poziome-zdjecia-zespolu-joanna-410x182.jpg 410w, https:\/\/ccinnovation.pl\/wp-content\/uploads\/2017\/05\/poziome-zdjecia-zespolu-joanna-100x44.jpg 100w, https:\/\/ccinnovation.pl\/wp-content\/uploads\/2017\/05\/poziome-zdjecia-zespolu-joanna-275x122.jpg 275w\" sizes=\"auto, (max-width: 900px) 100vw, 900px\" \/><\/a><\/p>\n<p>Coach, trener i\u00a0konsultant ds. public relations w\u00a0CC Innovation. Filolog, przedsi\u0119biorca. Uko\u0144czy\u0142a studia podyplomowe z\u00a0zakresu Public Relations, Projektowania Rozwoju Regionalnego i\u00a0Zarz\u0105dzania Projektami, Studium Trener\u00f3w NLP i\u00a0Przyw\u00f3dztwa oraz m.in. szkolenie trener\u00f3w europejskich (Trening for trainers) organizowane przez Urz\u0105d Komitetu Integracji Europejskiej i\u00a0Du\u0144sk\u0105 Szko\u0142\u0119 Administracji Publicznej. Certyfikowany Coach MLC.<\/p>\n<h6><a href=\"http:\/\/ccinnovation.pl\/?page_id=1726\">wi\u0119cej<\/a><\/h6>\n<hr \/>\n<h5>Monika Borcovs<\/h5>\n<p><a href=\"https:\/\/ccinnovation.pl\/?page_id=1957\"><img loading=\"lazy\" decoding=\"async\" class=\"aligncenter wp-image-1959 size-full\" src=\"https:\/\/ccinnovation.pl\/wp-content\/uploads\/2018\/05\/poziome-zdjecia-zespolu-monika.jpg\" alt=\"\" width=\"900\" height=\"400\" srcset=\"https:\/\/ccinnovation.pl\/wp-content\/uploads\/2018\/05\/poziome-zdjecia-zespolu-monika.jpg 900w, https:\/\/ccinnovation.pl\/wp-content\/uploads\/2018\/05\/poziome-zdjecia-zespolu-monika-300x133.jpg 300w, https:\/\/ccinnovation.pl\/wp-content\/uploads\/2018\/05\/poziome-zdjecia-zespolu-monika-768x341.jpg 768w, https:\/\/ccinnovation.pl\/wp-content\/uploads\/2018\/05\/poziome-zdjecia-zespolu-monika-480x213.jpg 480w, https:\/\/ccinnovation.pl\/wp-content\/uploads\/2018\/05\/poziome-zdjecia-zespolu-monika-410x182.jpg 410w, https:\/\/ccinnovation.pl\/wp-content\/uploads\/2018\/05\/poziome-zdjecia-zespolu-monika-100x44.jpg 100w, https:\/\/ccinnovation.pl\/wp-content\/uploads\/2018\/05\/poziome-zdjecia-zespolu-monika-275x122.jpg 275w\" sizes=\"auto, (max-width: 900px) 100vw, 900px\" \/><\/a><\/p>\n<p>Konsultant, coach i\u00a0mentor wsp\u00f3\u0142pracuj\u0105cy z CC Innovation. Certyfikowany Coach MLC. Zwi\u0105zana od ponad 20 lat z\u00a0HR specjalizuje si\u0119 w grupowych i indywidualnych projektach rozwojowych, w szczeg\u00f3lno\u015bci dla kadry mened\u017cerskiej (szkolenia, warsztaty, coaching zespo\u0142u i indywidualne, coaching na stanowisku pracy).<\/p>\n<h6><a href=\"https:\/\/ccinnovation.pl\/?page_id=1957\">wi\u0119cej<\/a><\/h6>\n<hr \/>\n<h5>Krzysztof Pawlik<\/h5>\n<p><img loading=\"lazy\" decoding=\"async\" class=\"aligncenter size-large wp-image-2417\" src=\"https:\/\/ccinnovation.pl\/wp-content\/uploads\/2021\/10\/IMGP8595-pp-900x4444-1-1024x510.jpg\" alt=\"\" width=\"1024\" height=\"510\" srcset=\"https:\/\/ccinnovation.pl\/wp-content\/uploads\/2021\/10\/IMGP8595-pp-900x4444-1-1024x510.jpg 1024w, https:\/\/ccinnovation.pl\/wp-content\/uploads\/2021\/10\/IMGP8595-pp-900x4444-1-300x149.jpg 300w, https:\/\/ccinnovation.pl\/wp-content\/uploads\/2021\/10\/IMGP8595-pp-900x4444-1-768x382.jpg 768w, https:\/\/ccinnovation.pl\/wp-content\/uploads\/2021\/10\/IMGP8595-pp-900x4444-1-1536x764.jpg 1536w, https:\/\/ccinnovation.pl\/wp-content\/uploads\/2021\/10\/IMGP8595-pp-900x4444-1-480x239.jpg 480w, https:\/\/ccinnovation.pl\/wp-content\/uploads\/2021\/10\/IMGP8595-pp-900x4444-1-410x204.jpg 410w, https:\/\/ccinnovation.pl\/wp-content\/uploads\/2021\/10\/IMGP8595-pp-900x4444-1-100x50.jpg 100w, https:\/\/ccinnovation.pl\/wp-content\/uploads\/2021\/10\/IMGP8595-pp-900x4444-1-275x137.jpg 275w, https:\/\/ccinnovation.pl\/wp-content\/uploads\/2021\/10\/IMGP8595-pp-900x4444-1.jpg 1730w\" sizes=\"auto, (max-width: 1024px) 100vw, 1024px\" \/><\/p>\n<p>Coach, consultant, mentor w CC Innovation. Magister ds. zarz\u0105dzania potencja\u0142em spo\u0142ecznym firmy, absolwent Uniwersytetu Warszawskiego. Certyfikowany Coach MLC oraz ICC. Akredytowany coach ICF. Trener 5-tego stopnia EQF w Szkole Trener\u00f3w (Wszechnica Uniwersytetu Jagiello\u0144skiego). Certyfikat LBA <em>Lider Biznes Akademii<\/em> (ICAN Institute).<\/p>\n<h6><a href=\"https:\/\/ccinnovation.pl\/?page_id=2306\">wi\u0119cej<\/a><\/h6>\n<hr \/>\n<h5>Rafa\u0142 Stefa\u0144ski<\/h5>\n<p><a href=\"https:\/\/ccinnovation.pl\/?page_id=2398\"><img loading=\"lazy\" decoding=\"async\" class=\"aligncenter wp-image-2409 size-full\" src=\"https:\/\/ccinnovation.pl\/wp-content\/uploads\/2021\/10\/IMGP1254-RS-900x440-2.jpg\" alt=\"\" width=\"900\" height=\"444\" srcset=\"https:\/\/ccinnovation.pl\/wp-content\/uploads\/2021\/10\/IMGP1254-RS-900x440-2.jpg 900w, https:\/\/ccinnovation.pl\/wp-content\/uploads\/2021\/10\/IMGP1254-RS-900x440-2-300x148.jpg 300w, https:\/\/ccinnovation.pl\/wp-content\/uploads\/2021\/10\/IMGP1254-RS-900x440-2-768x379.jpg 768w, https:\/\/ccinnovation.pl\/wp-content\/uploads\/2021\/10\/IMGP1254-RS-900x440-2-480x237.jpg 480w, https:\/\/ccinnovation.pl\/wp-content\/uploads\/2021\/10\/IMGP1254-RS-900x440-2-410x202.jpg 410w, https:\/\/ccinnovation.pl\/wp-content\/uploads\/2021\/10\/IMGP1254-RS-900x440-2-100x49.jpg 100w, https:\/\/ccinnovation.pl\/wp-content\/uploads\/2021\/10\/IMGP1254-RS-900x440-2-275x136.jpg 275w\" sizes=\"auto, (max-width: 900px) 100vw, 900px\" \/><\/a><\/p>\n<p>Trener i konsultant wsp\u00f3\u0142pracuj\u0105cy z CC Innovation. Facylitator spotka\u0144 grupowych i coach. Nauczyciel akademicki na Wydziale Psychologii Uniwersytetu Warszawskiego, sta\u0142y wsp\u00f3\u0142pracownik Mi\u0119dzynarodowego Centrum Zarz\u0105dzania UW i Akademii Leona Ko\u017ami\u0144skiego. W latach 1994-2020 by\u0142 prezesem firmy szkoleniowo-doradczej Yes-Consensus sp. z o.o., w kt\u00f3rej pe\u0142ni\u0142 r\u00f3wnie\u017c role trenera, facylitatora, coacha i konsultanta. W latach 1991-94 by\u0142 cz\u0142onkiem zespo\u0142u O\u015brodka Negocjacji i Rozwi\u0105zywania Konflikt\u00f3w UW.<\/p>\n<h6><a href=\"https:\/\/ccinnovation.pl\/?page_id=2398\">wi\u0119cej<\/a><\/h6>\n<hr \/>\n<h5>Micha\u0142 Skoniecki<\/h5>\n<p><a href=\"https:\/\/ccinnovation.pl\/?page_id=2426\"><img loading=\"lazy\" decoding=\"async\" class=\"aligncenter wp-image-2424 size-full\" src=\"https:\/\/ccinnovation.pl\/wp-content\/uploads\/2021\/11\/IMGP8619-pp-900x450-1.jpg\" alt=\"\" width=\"900\" height=\"450\" srcset=\"https:\/\/ccinnovation.pl\/wp-content\/uploads\/2021\/11\/IMGP8619-pp-900x450-1.jpg 900w, https:\/\/ccinnovation.pl\/wp-content\/uploads\/2021\/11\/IMGP8619-pp-900x450-1-300x150.jpg 300w, https:\/\/ccinnovation.pl\/wp-content\/uploads\/2021\/11\/IMGP8619-pp-900x450-1-768x384.jpg 768w, https:\/\/ccinnovation.pl\/wp-content\/uploads\/2021\/11\/IMGP8619-pp-900x450-1-480x240.jpg 480w, https:\/\/ccinnovation.pl\/wp-content\/uploads\/2021\/11\/IMGP8619-pp-900x450-1-410x205.jpg 410w, https:\/\/ccinnovation.pl\/wp-content\/uploads\/2021\/11\/IMGP8619-pp-900x450-1-100x50.jpg 100w, https:\/\/ccinnovation.pl\/wp-content\/uploads\/2021\/11\/IMGP8619-pp-900x450-1-275x138.jpg 275w\" sizes=\"auto, (max-width: 900px) 100vw, 900px\" \/><\/a><br \/>\nCoach, trener i\u00a0konsultant CC Innovation.\u00a0Certyfikowany Coach MLC.\u00a0Absolwent Psychologii i Filozofii\u00a0\u00a0na Uniwersytecie Warszawskim oraz Zarz\u0105dzania na Politechnice Warszawskiej. Specjalizuje si\u0119 w psychologii biznesu i wspieraniu rozwoju osobowo\u015bci. Przedsi\u0119biorca, mened\u017cer, praktyk marketingu i sprzeda\u017cy. Pracuje z klientami w tematach zwi\u0105zanym z biznesem, rozwojem kariery, finansami i relacjami mi\u0119dzyludzkimi.<\/p>\n<h6><a href=\"https:\/\/ccinnovation.pl\/?page_id=2426\">wi\u0119cej<\/a><\/h6>\n<hr \/>\n","protected":false},"excerpt":{"rendered":"<p>Kierownictwo merytoryczne &nbsp; Miros\u0142awa Huflejt-\u0141ukasik Profesor UW doktor habilitowana nauk humanistycznych w zakresie psychologii, pracownik Wydzia\u0142u Psychologii Uniwersytetu Warszawskiego. Tw\u00f3rczyni metody kompleksowych us\u0142ug dla firm \u00a0Multi-Level Concept oraz Szko\u0142y Coachingu I Pracy z Grupami MLC. Za\u0142o\u017cycielka i prezes CC Innovation. wi\u0119cej Zesp\u00f3\u0142 konsultant\u00f3w, trener\u00f3w i\u00a0coach\u00f3w Piotr Paw\u0142owski Coach, trener i\u00a0konsultant CC Innovation.\u00a0Absolwent i pracownik Wydzia\u0142u [&hellip;]<\/p>\n","protected":false},"author":1,"featured_media":0,"parent":550,"menu_order":2,"comment_status":"closed","ping_status":"closed","template":"page-templates\/page_no-header.php","meta":{"footnotes":""},"class_list":["post-561","page","type-page","status-publish","hentry"],"_links":{"self":[{"href":"https:\/\/ccinnovation.pl\/index.php?rest_route=\/wp\/v2\/pages\/561","targetHints":{"allow":["GET"]}}],"collection":[{"href":"https:\/\/ccinnovation.pl\/index.php?rest_route=\/wp\/v2\/pages"}],"about":[{"href":"https:\/\/ccinnovation.pl\/index.php?rest_route=\/wp\/v2\/types\/page"}],"author":[{"embeddable":true,"href":"https:\/\/ccinnovation.pl\/index.php?rest_route=\/wp\/v2\/users\/1"}],"replies":[{"embeddable":true,"href":"https:\/\/ccinnovation.pl\/index.php?rest_route=%2Fwp%2Fv2%2Fcomments&post=561"}],"version-history":[{"count":61,"href":"https:\/\/ccinnovation.pl\/index.php?rest_route=\/wp\/v2\/pages\/561\/revisions"}],"predecessor-version":[{"id":2593,"href":"https:\/\/ccinnovation.pl\/index.php?rest_route=\/wp\/v2\/pages\/561\/revisions\/2593"}],"up":[{"embeddable":true,"href":"https:\/\/ccinnovation.pl\/index.php?rest_route=\/wp\/v2\/pages\/550"}],"wp:attachment":[{"href":"https:\/\/ccinnovation.pl\/index.php?rest_route=%2Fwp%2Fv2%2Fmedia&parent=561"}],"curies":[{"name":"wp","href":"https:\/\/api.w.org\/{rel}","templated":true}]}}