{"id":598,"date":"2016-12-30T20:29:02","date_gmt":"2016-12-30T20:29:02","guid":{"rendered":"https:\/\/econlp.home.pl\/autoinstalator\/wordpress4\/?page_id=598"},"modified":"2017-07-11T18:49:45","modified_gmt":"2017-07-11T18:49:45","slug":"co-nas-wyroznia","status":"publish","type":"page","link":"https:\/\/ccinnovation.pl\/?page_id=598","title":{"rendered":"Co nas wyr\u00f3\u017cnia?"},"content":{"rendered":"<ol>\n<li>Od 20 lat pomagamy firmom i\u00a0wsp\u00f3\u0142tworzymy ide\u0119 coachingu w\u00a0Polsce.<\/li>\n<li>\u0141\u0105czymy perspektywy: coacha, trenera, konsultanta. Dlatego proponujemy precyzyjne rozwi\u0105zania, maj\u0105ce sens dla przedsi\u0119biorstw i\u00a0przynosz\u0105ce im konkretne efekty.<\/li>\n<li>Stosujemy unikaln\u0105 metodologi\u0119 Multi-Level Concept, pozwalaj\u0105ca szybko i\u00a0trafnie odnajdywa\u0107 \u017ar\u00f3d\u0142a problem\u00f3w i\u00a0dobiera\u0107 sposoby pracy.<\/li>\n<li>Integrujemy praktyk\u0119 w\u00a0zarz\u0105dzaniu i\u00a0wiedzy psychologicznej, dzi\u0119ki czemu dobrze rozumiemy co dzieje si\u0119 w\u00a0firmie i\u00a0w\u00a0jaki spos\u00f3b wp\u0142ywaj\u0105 na ni\u0105 poszczeg\u00f3lne zmiany.<\/li>\n<li>Znajdujemy rozwi\u0105zania korzystne na wielu poziomach systemowego funkcjonowania firmy.<\/li>\n<li>Wdra\u017camy mentoring, prowadzony przez skutecznych, czynnych mened\u017cer\u00f3w.<\/li>\n<li>Stosujemy sprawdzone metody dzia\u0142ania:<\/li>\n<\/ol>\n<ul>\n<li>szkolenie (diagnoza) \u25ba follow up \u25ba coaching zespo\u0142owy i\u00a0indywidualny<\/li>\n<li>wywiad (diagnoza) \u25ba coaching zespo\u0142owy \u25ba coaching indywidualny lub consulting<\/li>\n<\/ul>\n<p>&nbsp;<\/p>\n","protected":false},"excerpt":{"rendered":"<p>Od 20 lat pomagamy firmom i\u00a0wsp\u00f3\u0142tworzymy ide\u0119 coachingu w\u00a0Polsce. \u0141\u0105czymy perspektywy: coacha, trenera, konsultanta. Dlatego proponujemy precyzyjne rozwi\u0105zania, maj\u0105ce sens dla przedsi\u0119biorstw i\u00a0przynosz\u0105ce im konkretne efekty. Stosujemy unikaln\u0105 metodologi\u0119 Multi-Level Concept, pozwalaj\u0105ca szybko i\u00a0trafnie odnajdywa\u0107 \u017ar\u00f3d\u0142a problem\u00f3w i\u00a0dobiera\u0107 sposoby pracy. Integrujemy praktyk\u0119 w\u00a0zarz\u0105dzaniu i\u00a0wiedzy psychologicznej, dzi\u0119ki czemu dobrze rozumiemy co dzieje si\u0119 w\u00a0firmie i\u00a0w\u00a0jaki spos\u00f3b [&hellip;]<\/p>\n","protected":false},"author":1,"featured_media":0,"parent":550,"menu_order":3,"comment_status":"closed","ping_status":"closed","template":"","meta":{"footnotes":""},"class_list":["post-598","page","type-page","status-publish","hentry"],"_links":{"self":[{"href":"https:\/\/ccinnovation.pl\/index.php?rest_route=\/wp\/v2\/pages\/598","targetHints":{"allow":["GET"]}}],"collection":[{"href":"https:\/\/ccinnovation.pl\/index.php?rest_route=\/wp\/v2\/pages"}],"about":[{"href":"https:\/\/ccinnovation.pl\/index.php?rest_route=\/wp\/v2\/types\/page"}],"author":[{"embeddable":true,"href":"https:\/\/ccinnovation.pl\/index.php?rest_route=\/wp\/v2\/users\/1"}],"replies":[{"embeddable":true,"href":"https:\/\/ccinnovation.pl\/index.php?rest_route=%2Fwp%2Fv2%2Fcomments&post=598"}],"version-history":[{"count":1,"href":"https:\/\/ccinnovation.pl\/index.php?rest_route=\/wp\/v2\/pages\/598\/revisions"}],"predecessor-version":[{"id":599,"href":"https:\/\/ccinnovation.pl\/index.php?rest_route=\/wp\/v2\/pages\/598\/revisions\/599"}],"up":[{"embeddable":true,"href":"https:\/\/ccinnovation.pl\/index.php?rest_route=\/wp\/v2\/pages\/550"}],"wp:attachment":[{"href":"https:\/\/ccinnovation.pl\/index.php?rest_route=%2Fwp%2Fv2%2Fmedia&parent=598"}],"curies":[{"name":"wp","href":"https:\/\/api.w.org\/{rel}","templated":true}]}}