{"id":600,"date":"2016-12-30T20:29:40","date_gmt":"2016-12-30T20:29:40","guid":{"rendered":"https:\/\/econlp.home.pl\/autoinstalator\/wordpress4\/?page_id=600"},"modified":"2017-07-11T18:50:04","modified_gmt":"2017-07-11T18:50:04","slug":"korzysci-ze-wspolpracy-z-nami","status":"publish","type":"page","link":"https:\/\/ccinnovation.pl\/?page_id=600","title":{"rendered":"Korzy\u015bci ze wsp\u00f3\u0142pracy z\u00a0nami"},"content":{"rendered":"<ul>\n<li>Do ka\u017cdego zadania podchodzimy procesowo, dlatego nasz klient otrzymuje dok\u0142adnie to, czego potrzebuje.<\/li>\n<li>Dostarczamy wiedz\u0119 w\u00a0zakresie nowoczesnych metod zarz\u0105dzania, komunikacji, zachowa\u0144, na bazie nauk psychologicznych.<\/li>\n<li>Wzmacniamy pracownik\u00f3w w\u00a0firmach w\u00a0ich zasobach wewn\u0119trznych, podnosz\u0105c ich efektywno\u015b\u0107, motywacj\u0119, kreatywno\u015b\u0107, umiej\u0119tno\u015bci.<\/li>\n<li>Pomagamy przej\u015b\u0107 przez zmiany w\u00a0spos\u00f3b maksymalizuj\u0105cy oczekiwane efekty zmian, dbaj\u0105c o\u00a0to, aby zmiana by\u0142a pozytywnie przyjmowana przez pracownik\u00f3w.<\/li>\n<li>Modelujemy najbardziej po\u017c\u0105dane zachowania pracownik\u00f3w, z\u00a0punktu widzenia potrzeb firmy.<\/li>\n<li>Pomagamy usuwa\u0107 konflikty i\u00a0napi\u0119cia w\u00a0firmie.<\/li>\n<\/ul>\n","protected":false},"excerpt":{"rendered":"<p>Do ka\u017cdego zadania podchodzimy procesowo, dlatego nasz klient otrzymuje dok\u0142adnie to, czego potrzebuje. Dostarczamy wiedz\u0119 w\u00a0zakresie nowoczesnych metod zarz\u0105dzania, komunikacji, zachowa\u0144, na bazie nauk psychologicznych. Wzmacniamy pracownik\u00f3w w\u00a0firmach w\u00a0ich zasobach wewn\u0119trznych, podnosz\u0105c ich efektywno\u015b\u0107, motywacj\u0119, kreatywno\u015b\u0107, umiej\u0119tno\u015bci. Pomagamy przej\u015b\u0107 przez zmiany w\u00a0spos\u00f3b maksymalizuj\u0105cy oczekiwane efekty zmian, dbaj\u0105c o\u00a0to, aby zmiana by\u0142a pozytywnie przyjmowana przez pracownik\u00f3w. [&hellip;]<\/p>\n","protected":false},"author":1,"featured_media":0,"parent":550,"menu_order":4,"comment_status":"closed","ping_status":"closed","template":"","meta":{"footnotes":""},"class_list":["post-600","page","type-page","status-publish","hentry"],"_links":{"self":[{"href":"https:\/\/ccinnovation.pl\/index.php?rest_route=\/wp\/v2\/pages\/600","targetHints":{"allow":["GET"]}}],"collection":[{"href":"https:\/\/ccinnovation.pl\/index.php?rest_route=\/wp\/v2\/pages"}],"about":[{"href":"https:\/\/ccinnovation.pl\/index.php?rest_route=\/wp\/v2\/types\/page"}],"author":[{"embeddable":true,"href":"https:\/\/ccinnovation.pl\/index.php?rest_route=\/wp\/v2\/users\/1"}],"replies":[{"embeddable":true,"href":"https:\/\/ccinnovation.pl\/index.php?rest_route=%2Fwp%2Fv2%2Fcomments&post=600"}],"version-history":[{"count":1,"href":"https:\/\/ccinnovation.pl\/index.php?rest_route=\/wp\/v2\/pages\/600\/revisions"}],"predecessor-version":[{"id":601,"href":"https:\/\/ccinnovation.pl\/index.php?rest_route=\/wp\/v2\/pages\/600\/revisions\/601"}],"up":[{"embeddable":true,"href":"https:\/\/ccinnovation.pl\/index.php?rest_route=\/wp\/v2\/pages\/550"}],"wp:attachment":[{"href":"https:\/\/ccinnovation.pl\/index.php?rest_route=%2Fwp%2Fv2%2Fmedia&parent=600"}],"curies":[{"name":"wp","href":"https:\/\/api.w.org\/{rel}","templated":true}]}}