{"id":602,"date":"2016-12-30T20:31:30","date_gmt":"2016-12-30T20:31:30","guid":{"rendered":"https:\/\/econlp.home.pl\/autoinstalator\/wordpress4\/?page_id=602"},"modified":"2024-02-27T21:55:51","modified_gmt":"2024-02-27T21:55:51","slug":"metoda-multi-level-concept","status":"publish","type":"page","link":"https:\/\/ccinnovation.pl\/?page_id=602","title":{"rendered":"Metoda Multi-Level Concept"},"content":{"rendered":"<p><img loading=\"lazy\" decoding=\"async\" class=\"aligncenter wp-image-1846 size-large\" src=\"https:\/\/ccinnovation.pl\/wp-content\/uploads\/2017\/12\/mlc-1348x866-1024x658.jpg\" alt=\"\" width=\"1024\" height=\"658\" srcset=\"https:\/\/ccinnovation.pl\/wp-content\/uploads\/2017\/12\/mlc-1348x866-1024x658.jpg 1024w, https:\/\/ccinnovation.pl\/wp-content\/uploads\/2017\/12\/mlc-1348x866-300x193.jpg 300w, https:\/\/ccinnovation.pl\/wp-content\/uploads\/2017\/12\/mlc-1348x866-768x493.jpg 768w, https:\/\/ccinnovation.pl\/wp-content\/uploads\/2017\/12\/mlc-1348x866-480x308.jpg 480w, https:\/\/ccinnovation.pl\/wp-content\/uploads\/2017\/12\/mlc-1348x866-410x263.jpg 410w, https:\/\/ccinnovation.pl\/wp-content\/uploads\/2017\/12\/mlc-1348x866-100x64.jpg 100w, https:\/\/ccinnovation.pl\/wp-content\/uploads\/2017\/12\/mlc-1348x866-275x177.jpg 275w, https:\/\/ccinnovation.pl\/wp-content\/uploads\/2017\/12\/mlc-1348x866.jpg 1348w\" sizes=\"auto, (max-width: 1024px) 100vw, 1024px\" \/><\/p>\n<p>W\u00a0oparciu o\u00a0do\u015bwiadczenia i\u00a0wiedz\u0119 stworzyli\u015bmy model kompleksowej obs\u0142ugi organizacji opieraj\u0105cy si\u0119 o\u00a0autorsk\u0105 metodologi\u0119 Multi-Level Concept (MLC). Model ten zawiera:<\/p>\n<ol>\n<li>diagnoz\u0119 i\u00a0consulting (Multi-Level Consulting),<\/li>\n<li>wsparcie wybranych cz\u0142onk\u00f3w organizacji w procesie coachingu i mentor-coachingu (Multi-Level Coaching),<\/li>\n<li>szkolenia (Multi-Level Course).<\/li>\n<\/ol>\n<p>Tw\u00f3rczyni\u0105 metodologii MLC jest prof. UW dr hab. Miros\u0142awa Huflejt-\u0141ukasik.\u00a0 W opracowaniu metodologii Multi-Level Concept korzysta\u0142a z wiedzy\u00a0 z zakresu psychologii poznawczej, spo\u0142ecznej, organizacji, podej\u015b\u0107 systemowych, metody NLP oraz wieloletniego do\u015bwiadczenia we wsparciu rozwoju organizacji.<\/p>\n<p><strong>Dlaczego MLC?<\/strong><\/p>\n<p>Metodologi\u0119 MLC okre\u015blamy podej\u015bciem wielopoziomowym. Podej\u015bcie wielopoziomowe porz\u0105dkuje rzeczywisto\u015b\u0107,\u00a0 z\u00a0jak\u0105 si\u0119 spotykamy w\u00a0organizacjach i\u00a0tym samym pozwala szybko i\u00a0trafnie odnajdowa\u0107 \u017ar\u00f3d\u0142a rozwoju, przyczyny\u00a0 problem\u00f3w i\u00a0efektywnie dobiera\u0107 sposoby pracy. Metoda korzysta z\u00a0pog\u0142\u0119bionego rozumienia dzia\u0142ania system\u00f3w, w\u00a0tym umiej\u0119tno\u015bci rozpoznania relacji mi\u0119dzy celami i\u00a0potrzebami organizacji, a\u00a0w\u00a0niej zespo\u0142\u00f3w i\u00a0jednostek.<\/p>\n<p>&nbsp;<\/p>\n","protected":false},"excerpt":{"rendered":"<p>W\u00a0oparciu o\u00a0do\u015bwiadczenia i\u00a0wiedz\u0119 stworzyli\u015bmy model kompleksowej obs\u0142ugi organizacji opieraj\u0105cy si\u0119 o\u00a0autorsk\u0105 metodologi\u0119 Multi-Level Concept (MLC). Model ten zawiera: diagnoz\u0119 i\u00a0consulting (Multi-Level Consulting), wsparcie wybranych cz\u0142onk\u00f3w organizacji w procesie coachingu i mentor-coachingu (Multi-Level Coaching), szkolenia (Multi-Level Course). Tw\u00f3rczyni\u0105 metodologii MLC jest prof. UW dr hab. Miros\u0142awa Huflejt-\u0141ukasik.\u00a0 W opracowaniu metodologii Multi-Level Concept korzysta\u0142a z wiedzy\u00a0 z [&hellip;]<\/p>\n","protected":false},"author":1,"featured_media":0,"parent":550,"menu_order":5,"comment_status":"closed","ping_status":"closed","template":"page-templates\/page_no-header.php","meta":{"footnotes":""},"class_list":["post-602","page","type-page","status-publish","hentry"],"_links":{"self":[{"href":"https:\/\/ccinnovation.pl\/index.php?rest_route=\/wp\/v2\/pages\/602","targetHints":{"allow":["GET"]}}],"collection":[{"href":"https:\/\/ccinnovation.pl\/index.php?rest_route=\/wp\/v2\/pages"}],"about":[{"href":"https:\/\/ccinnovation.pl\/index.php?rest_route=\/wp\/v2\/types\/page"}],"author":[{"embeddable":true,"href":"https:\/\/ccinnovation.pl\/index.php?rest_route=\/wp\/v2\/users\/1"}],"replies":[{"embeddable":true,"href":"https:\/\/ccinnovation.pl\/index.php?rest_route=%2Fwp%2Fv2%2Fcomments&post=602"}],"version-history":[{"count":19,"href":"https:\/\/ccinnovation.pl\/index.php?rest_route=\/wp\/v2\/pages\/602\/revisions"}],"predecessor-version":[{"id":2829,"href":"https:\/\/ccinnovation.pl\/index.php?rest_route=\/wp\/v2\/pages\/602\/revisions\/2829"}],"up":[{"embeddable":true,"href":"https:\/\/ccinnovation.pl\/index.php?rest_route=\/wp\/v2\/pages\/550"}],"wp:attachment":[{"href":"https:\/\/ccinnovation.pl\/index.php?rest_route=%2Fwp%2Fv2%2Fmedia&parent=602"}],"curies":[{"name":"wp","href":"https:\/\/api.w.org\/{rel}","templated":true}]}}